{"id":313,"date":"2016-10-24T21:55:01","date_gmt":"2016-10-24T19:55:01","guid":{"rendered":"http:\/\/www.priska.it\/erlebnis-ratschings\/?lang=it"},"modified":"2020-08-22T09:16:53","modified_gmt":"2020-08-22T07:16:53","slug":"erlebnis-ratschings","status":"publish","type":"page","link":"http:\/\/www.priska.it\/?page_id=313&lang=it","title":{"rendered":"Vacanze a Racines"},"content":{"rendered":"<div class=\"gdlr-shortcode-wrapper\"><div class=\"gdlr-item-title-wrapper gdlr-item pos-left pos-left-divider \"><div class=\"gdlr-item-title-head\"><h3 class=\"gdlr-item-title gdlr-skin-title gdlr-skin-border\">Vacanze a Racines<\/h3><div class=\"clear\"><\/div><\/div><div class=\"gdlr-item-title-divider\"><\/div><\/div><\/div>\n<p>A Racines il divertimento durante le ferie \u00e8 garantito, cavalcate su cavalli avelignesi, escursioni per grandi e piccoli, escursioni guidati sui ghiacciai, fitness e relax fanno parte delle ferie.<\/p>\n<p>&nbsp;<\/p>\n<p><strong>Racines in estate<\/strong><\/p>\n<p><iframe loading=\"lazy\" width=\"100%\" height=\"400\" src=\"https:\/\/www.youtube.com\/embed\/pZn8zWqKwmk\" frameborder=\"0\" allow=\"accelerometer; autoplay; encrypted-media; gyroscope; picture-in-picture\" allowfullscreen=\"\"><\/iframe><\/p>\n<p>&nbsp;<\/p>\n<p><strong>Racines in inverno<\/strong><\/p>\n<p><iframe loading=\"lazy\" width=\"100%\" height=\"400\" src=\"https:\/\/www.youtube.com\/embed\/bYGpQtuMiuo\" frameborder=\"0\" allow=\"accelerometer; autoplay; encrypted-media; gyroscope; picture-in-picture\" allowfullscreen=\"\"><\/iframe><\/p>\n<p>&nbsp;<\/p>\n<p><b>La cascata di Gilfenklamm<\/b><\/p>\n<p>la cascata di Gilfenklamm \u00e9 impressa in marmo bianco. La supervicie varia dalle pioggie, spesso e scura e verde luminesciente. Esplorazione 1893 &#8211; 1895.<\/p>\n<p>Tempi: 60 min. dislivello 175 m.&nbsp;<a style=\"line-height: 1.5;\" href=\"http:\/\/www.ratschings.info\/de\/sommer-erleben\/naturschauspiel-gilfenklamm.html\" target=\"_blank\" rel=\"noopener noreferrer\">[leggi di pi\u00f9&#8230;]<\/a><\/p>\n<p><iframe loading=\"lazy\" src=\"https:\/\/www.youtube.com\/embed\/YryTXdhhFiw\" width=\"100%\" height=\"400\" frameborder=\"0\" allowfullscreen=\"allowfullscreen\"><\/iframe><\/p>\n<p><b>La miniera di Monteneve<\/b><\/p>\n<p>La miniera di Monteneve, la pi\u00f9 alta d&#8217;Europa e quella pi\u00f9 a lungo produttiva&nbsp;nell\u00b4ambiente alpino(circa 800 anni di coltivazione di argento, piombo e zinco), \u00e8 oggi adattata a miniera da visitare di notevole estensione.&nbsp;<a href=\"http:\/\/www.bergbaumuseum.it\/de\/ridnaun\/information\/index.asp\" target=\"_blank\" rel=\"noopener noreferrer\">[leggi di pi\u00f9&#8230;]<\/a><\/p>\n<p>&nbsp;<\/p>\n<p><strong>Castello&nbsp;Wolfsthurn<\/strong><\/p>\n<p>Il pi\u00f9 bel castello del Tirolo\u201d cos\u00ec Wolfsthurn \u00e8 stato titolato dallo storico Joh. Nep. Tinkhauser. Il castello barocco \u00e8 unico nel suo genere nel Tirolo, si erge imponemente all&#8216; inizio della valle montana di Ridanna, incorniciata dalle Alpi Breonie, su un&#8216; altura che domina il paese di Mareta.&nbsp;<a href=\"http:\/\/www.wolfsthurn.it\/de\/default.asp\" target=\"_blank\" rel=\"noopener noreferrer\">[leggi di pi\u00f9&#8230;]<\/a><\/p>\n<p>&nbsp;<\/p>\n<p><strong>L&#8217;area sciistica Racines-Giovo<\/strong><\/p>\n<p>Un breve tragitto attraverso l\u2019incantevole Val di Racines e si arriva alla stazione a valle della nuova cabinovia a 8 posti Racines-Giovo. Gi\u00e0 durante la salita, dalle cabine panoramiche potete ammirare il fantastico paesaggio invernale circostante che inevitabilmente vi fa pregustare una bellissima giornata sulla neve. In alto, a 2.150 m, si apre una vasta area montana, un vero incanto per sciatori e amanti della neve. E subito inizia il divertimento con carving, snowboard e big foot&#8230;&nbsp;<a href=\"http:\/\/www.ratschings-jaufen.it\/\" target=\"_blank\" rel=\"noopener noreferrer\">[leggi di pi\u00f9&#8230;]<\/a><\/p>\n<p>&nbsp;<\/p>\n<p><strong>Webcams<\/strong><\/p>\n<p><iframe loading=\"lazy\" src=\"https:\/\/ratschings.it-wms.com\" width=\"100%\" height=\"400\" frameborder=\"0\"><\/iframe><\/p>\n<p><iframe loading=\"lazy\" src=\"http:\/\/webtv.feratel.com\/webtv\/?&amp;getLatest=1&amp;pg=5EB12424-7C2D-428A-BEFF-0C9140CD772F&amp;design=v3p&amp;cam=6030\" width=\"100%\" height=\"600\" frameborder=\"0\"><\/iframe><\/p>\n","protected":false},"excerpt":{"rendered":"<p>A Racines il divertimento durante le ferie \u00e8 garantito, cavalcate su cavalli avelignesi, escursioni per grandi e piccoli, escursioni guidati sui ghiacciai, fitness e relax fanno parte delle ferie. &nbsp; Racines in estate &nbsp; Racines in inverno &nbsp; La cascata di Gilfenklamm la cascata di Gilfenklamm \u00e9 impressa in marmo bianco. La supervicie varia dalle&#8230; <\/p>\n<div class=\"clear\"><\/div>\n<p><a href=\"http:\/\/www.priska.it\/?page_id=313&#038;lang=it\" class=\"excerpt-read-more\">Continue Reading<i class=\"fa fa-long-arrow-right icon-long-arrow-right\"><\/i><\/a><\/p>\n","protected":false},"author":1,"featured_media":0,"parent":0,"menu_order":0,"comment_status":"closed","ping_status":"closed","template":"","meta":{"footnotes":""},"class_list":["post-313","page","type-page","status-publish","hentry"],"_links":{"self":[{"href":"http:\/\/www.priska.it\/index.php?rest_route=\/wp\/v2\/pages\/313","targetHints":{"allow":["GET"]}}],"collection":[{"href":"http:\/\/www.priska.it\/index.php?rest_route=\/wp\/v2\/pages"}],"about":[{"href":"http:\/\/www.priska.it\/index.php?rest_route=\/wp\/v2\/types\/page"}],"author":[{"embeddable":true,"href":"http:\/\/www.priska.it\/index.php?rest_route=\/wp\/v2\/users\/1"}],"replies":[{"embeddable":true,"href":"http:\/\/www.priska.it\/index.php?rest_route=%2Fwp%2Fv2%2Fcomments&post=313"}],"version-history":[{"count":5,"href":"http:\/\/www.priska.it\/index.php?rest_route=\/wp\/v2\/pages\/313\/revisions"}],"predecessor-version":[{"id":485,"href":"http:\/\/www.priska.it\/index.php?rest_route=\/wp\/v2\/pages\/313\/revisions\/485"}],"wp:attachment":[{"href":"http:\/\/www.priska.it\/index.php?rest_route=%2Fwp%2Fv2%2Fmedia&parent=313"}],"curies":[{"name":"wp","href":"https:\/\/api.w.org\/{rel}","templated":true}]}}