{"id":325,"date":"2016-11-22T07:34:15","date_gmt":"2016-11-22T06:34:15","guid":{"rendered":"http:\/\/www.priska.it\/home\/wellness\/?lang=it"},"modified":"2020-03-05T15:06:08","modified_gmt":"2020-03-05T14:06:08","slug":"wellness","status":"publish","type":"page","link":"http:\/\/www.priska.it\/?page_id=325&lang=it","title":{"rendered":"Relax e flaire"},"content":{"rendered":"<div class=\"gdlr-shortcode-wrapper\"><div class=\"gdlr-item-title-wrapper gdlr-item pos-left pos-left-divider \"><div class=\"gdlr-item-title-head\"><h3 class=\"gdlr-item-title gdlr-skin-title gdlr-skin-border\">Relax e flaire<\/h3><div class=\"clear\"><\/div><\/div><div class=\"gdlr-item-title-divider\"><\/div><\/div><\/div>\n<p>dal aprile fino al dicembre \u00e9 chiuso la sauna IN CASA<\/p>\n<p>per\u00f3 la piscina Balneum a Vipiteno + PARCHEGGIO \u00e9 gratis per 3 ore ogni giorno<\/p>\n<p>per la sauna si paga la met\u00e1<\/p>\n<p>Fantastico: rilassarsi tra una sauna ed un po di palestra riposandopoi in comode stanze dotate di servizi completi&#8230;<\/p>\n","protected":false},"excerpt":{"rendered":"<p>dal aprile fino al dicembre \u00e9 chiuso la sauna IN CASA per\u00f3 la piscina Balneum a Vipiteno + PARCHEGGIO \u00e9 gratis per 3 ore ogni giorno per la sauna si paga la met\u00e1 Fantastico: rilassarsi tra una sauna ed un po di palestra riposandopoi in comode stanze dotate di servizi completi&#8230;<\/p>\n","protected":false},"author":1,"featured_media":0,"parent":315,"menu_order":0,"comment_status":"closed","ping_status":"closed","template":"","meta":{"footnotes":""},"class_list":["post-325","page","type-page","status-publish","hentry"],"_links":{"self":[{"href":"http:\/\/www.priska.it\/index.php?rest_route=\/wp\/v2\/pages\/325","targetHints":{"allow":["GET"]}}],"collection":[{"href":"http:\/\/www.priska.it\/index.php?rest_route=\/wp\/v2\/pages"}],"about":[{"href":"http:\/\/www.priska.it\/index.php?rest_route=\/wp\/v2\/types\/page"}],"author":[{"embeddable":true,"href":"http:\/\/www.priska.it\/index.php?rest_route=\/wp\/v2\/users\/1"}],"replies":[{"embeddable":true,"href":"http:\/\/www.priska.it\/index.php?rest_route=%2Fwp%2Fv2%2Fcomments&post=325"}],"version-history":[{"count":4,"href":"http:\/\/www.priska.it\/index.php?rest_route=\/wp\/v2\/pages\/325\/revisions"}],"predecessor-version":[{"id":397,"href":"http:\/\/www.priska.it\/index.php?rest_route=\/wp\/v2\/pages\/325\/revisions\/397"}],"up":[{"embeddable":true,"href":"http:\/\/www.priska.it\/index.php?rest_route=\/wp\/v2\/pages\/315"}],"wp:attachment":[{"href":"http:\/\/www.priska.it\/index.php?rest_route=%2Fwp%2Fv2%2Fmedia&parent=325"}],"curies":[{"name":"wp","href":"https:\/\/api.w.org\/{rel}","templated":true}]}}