{"id":51,"date":"2016-11-22T07:34:15","date_gmt":"2016-11-22T06:34:15","guid":{"rendered":"http:\/\/www.priska.it\/?page_id=51"},"modified":"2022-12-10T14:27:12","modified_gmt":"2022-12-10T13:27:12","slug":"wellness","status":"publish","type":"page","link":"http:\/\/www.priska.it\/?page_id=51","title":{"rendered":"Wellness"},"content":{"rendered":"<div class=\"gdlr-shortcode-wrapper\"><div class=\"gdlr-item-title-wrapper gdlr-item pos-left pos-left-divider \"><div class=\"gdlr-item-title-head\"><h3 class=\"gdlr-item-title gdlr-skin-title gdlr-skin-border\">Wellness<\/h3><div class=\"clear\"><\/div><\/div><div class=\"gdlr-item-title-divider\"><\/div><\/div><\/div>\n<p>die Saunas und Wirlpool\u00a0 im Haus bleiben\u00a0 geschlossen<\/p>\n<p>Sie k\u00f6nnen jedoch t\u00e4glich das neue Schwimmbad Balneum in Sterzing\u00a0 + PARKPLATZ f\u00fcr 3 Stunden gratis ben\u00fctzen. F\u00fcr die Sauna bezahlen sie die H\u00e4lfte.<\/p>\n<p>&#8230;<\/p>\n<p>In unserer Saunaoase finden Sie eine finnische Sauna, Dampfsauna, Infrarotsauna, Wirlpool, Ruheraum \u00a0und ein Solarium\u00a0 Auf Wunsch k\u00f6nnen Sie bei uns auch Entspannungsmasagen buchen.<\/p>\n<p>Massagen, also einmal so richtig durchgeknetet zu werden, l\u00f6sen Knoten und Verspannungen. Die Elastizit\u00e4t von B\u00e4ndern und Sehnen nimmt zu. Ein richtig dosierte Massage vertieft zudem die Atmung, harmonisiert den Gem\u00fctszustand und f\u00fchrt zu physischer und psychischer Ausgeglichenheit.<\/p>\n<p>Massagen nur auf Vorbestellung<\/p>\n","protected":false},"excerpt":{"rendered":"<p>die Saunas und Wirlpool\u00a0 im Haus bleiben\u00a0 geschlossen Sie k\u00f6nnen jedoch t\u00e4glich das neue Schwimmbad Balneum in Sterzing\u00a0 + PARKPLATZ f\u00fcr 3 Stunden gratis ben\u00fctzen. F\u00fcr die Sauna bezahlen sie die H\u00e4lfte. &#8230; In unserer Saunaoase finden Sie eine finnische Sauna, Dampfsauna, Infrarotsauna, Wirlpool, Ruheraum \u00a0und ein Solarium\u00a0 Auf Wunsch k\u00f6nnen Sie bei uns auch&#8230; <\/p>\n<div class=\"clear\"><\/div>\n<p><a href=\"http:\/\/www.priska.it\/?page_id=51\" class=\"excerpt-read-more\">Continue Reading<i class=\"fa fa-long-arrow-right icon-long-arrow-right\"><\/i><\/a><\/p>\n","protected":false},"author":1,"featured_media":0,"parent":10,"menu_order":0,"comment_status":"closed","ping_status":"closed","template":"","meta":{"footnotes":""},"class_list":["post-51","page","type-page","status-publish","hentry"],"_links":{"self":[{"href":"http:\/\/www.priska.it\/index.php?rest_route=\/wp\/v2\/pages\/51","targetHints":{"allow":["GET"]}}],"collection":[{"href":"http:\/\/www.priska.it\/index.php?rest_route=\/wp\/v2\/pages"}],"about":[{"href":"http:\/\/www.priska.it\/index.php?rest_route=\/wp\/v2\/types\/page"}],"author":[{"embeddable":true,"href":"http:\/\/www.priska.it\/index.php?rest_route=\/wp\/v2\/users\/1"}],"replies":[{"embeddable":true,"href":"http:\/\/www.priska.it\/index.php?rest_route=%2Fwp%2Fv2%2Fcomments&post=51"}],"version-history":[{"count":10,"href":"http:\/\/www.priska.it\/index.php?rest_route=\/wp\/v2\/pages\/51\/revisions"}],"predecessor-version":[{"id":889,"href":"http:\/\/www.priska.it\/index.php?rest_route=\/wp\/v2\/pages\/51\/revisions\/889"}],"up":[{"embeddable":true,"href":"http:\/\/www.priska.it\/index.php?rest_route=\/wp\/v2\/pages\/10"}],"wp:attachment":[{"href":"http:\/\/www.priska.it\/index.php?rest_route=%2Fwp%2Fv2%2Fmedia&parent=51"}],"curies":[{"name":"wp","href":"https:\/\/api.w.org\/{rel}","templated":true}]}}