{"id":99,"date":"2016-11-23T07:40:16","date_gmt":"2016-11-23T06:40:16","guid":{"rendered":"http:\/\/www.priska.it\/?page_id=99"},"modified":"2025-01-08T13:33:44","modified_gmt":"2025-01-08T12:33:44","slug":"preise","status":"publish","type":"page","link":"http:\/\/www.priska.it\/?page_id=99","title":{"rendered":"Preise"},"content":{"rendered":"<div class=\"gdlr-shortcode-wrapper\"><div class=\"gdlr-item-title-wrapper gdlr-item pos-left pos-left-divider \"><div class=\"gdlr-item-title-head\"><h3 class=\"gdlr-item-title gdlr-skin-title gdlr-skin-border\">Preise<\/h3><div class=\"clear\"><\/div><\/div><div class=\"gdlr-item-title-divider\"><\/div><\/div><\/div>\n<p><strong>Apartment\u00a0Typ A, 2 Personen<\/strong><\/p>\n<p>Basispreis f\u00fcr zwei Personen (beachten Sie unser Lastminutangebot):<\/p>\n<p>75- Euro (Vorsaison)<br \/>\n80.- Euro (Hauptsaison)<\/p>\n<p>T\u00e4gliche Reinigung Aufpreis 12 \u20ac, Fr\u00fchst\u00fcck pro Person 15 \u20ac, kinder bis 10 Jahren 9,00 Euro Endreinigung 25 \u20ac<\/p>\n<div class=\"gdlr-shortcode-wrapper\"><div class=\"clear\"><\/div><div class=\"gdlr-item gdlr-divider-item\"  ><div class=\"gdlr-divider solid\"  style=\"width: 50%;\" ><\/div><\/div><\/div>\n<p><strong>Apartment Typ B, 4 Personen<\/strong><\/p>\n<p>Apartment Typ B f\u00fcr 2 pers 85,00 euro\u00a0 (Vorsaison )<\/p>\n<p>Apartment\u00a0 Typ B f\u00fcr 2 pers 90,00 Euro (Hauptsaiaon)<\/p>\n<p><span>Apartment<\/span> Typ B f\u00fcr 3 pers 110,00 euro\u00a0 (Vorsaison )<\/p>\n<p>apartment Typ B f\u00fcr 3 Pers\u00a0 120,00 Euro\u00a0 (Hauptsaison )<\/p>\n<p>Basispreis f\u00fcr vier Personen (beachten Sie unser Lastminutangebot)<\/p>\n<p>140- Euro (Vorsaison)<br \/>\n150.- Euro (Hauptsaison)<\/p>\n<p>zus\u00e4tzlich Endreinigung 35 \u20ac, T\u00e4gliche Reinigung Aufpreis 15 \u20ac, Fr\u00fchst\u00fcck pro Person 15 \u20ac Kinder bis 10 Jahren 9,00 Euro<\/p>\n<div class=\"gdlr-shortcode-wrapper\"><div class=\"clear\"><\/div><div class=\"gdlr-item gdlr-divider-item\"  ><div class=\"gdlr-divider solid\"  style=\"width: 50%;\" ><\/div><\/div><\/div>\n<p><strong>Apartment Typ C, 6 Personen<\/strong><\/p>\n<p>Basispreis f\u00fcr sechs Personen (beachten Sie unser Lastminutangebot):<\/p>\n<p>200.- Euro (Vorsaison)<br \/>\n220.- Euro (Hauptsaison)<\/p>\n<p>zus\u00e4tzlich Endreinigung 60 \u20ac, T\u00e4gliche Reinigung Aufpreis 15 \u20ac, Fr\u00fchst\u00fcck pro Person 15 \u20ac Kinder bis 10 Jahren 9,00 Euro<\/p>\n<p><strong>imbegriffen\u00a0 die active card\u00a0 \u00a0im Sommer<\/strong><\/p>\n<div class=\"gdlr-shortcode-wrapper\"><div class=\"gdlr-item-title-wrapper gdlr-item pos-left pos-left-divider \"><div class=\"gdlr-item-title-head\"><h3 class=\"gdlr-item-title gdlr-skin-title gdlr-skin-border\">Gesch\u00e4ftsbedingungen<\/h3><div class=\"clear\"><\/div><\/div><div class=\"gdlr-item-title-divider\"><\/div><\/div><\/div>\n<ul>\n<li>Die Preise verstehen Sie pro\u00a0<span>Apartment<\/span> pro Tag, bei einem Aufenthalt von mindestens\u00a03 N\u00e4chten. Bei einem Aufentahlt von 1 bis 2 N\u00e4chte wird ein Aufpreis verlangt.<\/li>\n<li>Ihre vierbeinigen Lieblinge sind nach Anfrage in unserem Haus herzlich willkommen. Der Preis betr\u00e4gt 15,00 \u20ac pro Tag ohne Futter wir bitten Ihr Hundek\u00f6rbchen mitzubringen<\/li>\n<li>Bei versp\u00e4teter Anreise bzw. verfr\u00fchter Abreise wird der Wohnungspreis in voller H\u00f6he in Rechnung gestellt.<\/li>\n<li>Am Abreisetag bitten wir die Wohnung bis 10.00 Uhr frei zu geben. Die Wohnungen sind ab 17.00 Uhr bezugsfertig. Ansonsten bitte anrufen\u00a0um eine Vereinbarung der Ankunftszeit.\u00a0Sollten Sie mit dem Zug anreisen holen wir Sie gerne am Bahnhof ab<\/li>\n<li>Bei Reservierung bitten wir um eine Kaution in der H\u00f6he von \u20ac 100,00, welche am Ende Ihres Aufenthaltes gegen verrechnet wird.<\/li>\n<li>Neu ab 2024: f\u00fcr alle personen ab 14 Jahren wird ab 01.01.2024 eine Gemeindeaufenthaltsabgabe von 2,90 Euro pro Person pro Nacht eingehoben. Diese Abgabe ist nicht im Geamtpreis enthalten.<\/li>\n<\/ul>\n<p><span><\/p>\n<a class=\"gdlr-button medium\" href=\"http:\/\/www.priska.it\/kontakt-anfrage\/\" target=\"_self\"  style=\"color:#ffffff; background-color:#<\/span><span>b89f80<\/span><span>; \"  >Zimmer buchen <\/span><i class=\"fa fa-long-arrow-right icon-long-arrow-right\"><\/i><span><\/a>\n<p><\/span><\/p>\n","protected":false},"excerpt":{"rendered":"<p>Apartment\u00a0Typ A, 2 Personen Basispreis f\u00fcr zwei Personen (beachten Sie unser Lastminutangebot): 75- Euro (Vorsaison) 80.- Euro (Hauptsaison) T\u00e4gliche Reinigung Aufpreis 12 \u20ac, Fr\u00fchst\u00fcck pro Person 15 \u20ac, kinder bis 10 Jahren 9,00 Euro Endreinigung 25 \u20ac Apartment Typ B, 4 Personen Apartment Typ B f\u00fcr 2 pers 85,00 euro\u00a0 (Vorsaison ) Apartment\u00a0 Typ B&#8230; <\/p>\n<div class=\"clear\"><\/div>\n<p><a href=\"http:\/\/www.priska.it\/?page_id=99\" class=\"excerpt-read-more\">Continue Reading<i class=\"fa fa-long-arrow-right icon-long-arrow-right\"><\/i><\/a><\/p>\n","protected":false},"author":1,"featured_media":0,"parent":0,"menu_order":0,"comment_status":"closed","ping_status":"closed","template":"","meta":{"footnotes":""},"class_list":["post-99","page","type-page","status-publish","hentry"],"_links":{"self":[{"href":"http:\/\/www.priska.it\/index.php?rest_route=\/wp\/v2\/pages\/99","targetHints":{"allow":["GET"]}}],"collection":[{"href":"http:\/\/www.priska.it\/index.php?rest_route=\/wp\/v2\/pages"}],"about":[{"href":"http:\/\/www.priska.it\/index.php?rest_route=\/wp\/v2\/types\/page"}],"author":[{"embeddable":true,"href":"http:\/\/www.priska.it\/index.php?rest_route=\/wp\/v2\/users\/1"}],"replies":[{"embeddable":true,"href":"http:\/\/www.priska.it\/index.php?rest_route=%2Fwp%2Fv2%2Fcomments&post=99"}],"version-history":[{"count":10,"href":"http:\/\/www.priska.it\/index.php?rest_route=\/wp\/v2\/pages\/99\/revisions"}],"predecessor-version":[{"id":1344,"href":"http:\/\/www.priska.it\/index.php?rest_route=\/wp\/v2\/pages\/99\/revisions\/1344"}],"wp:attachment":[{"href":"http:\/\/www.priska.it\/index.php?rest_route=%2Fwp%2Fv2%2Fmedia&parent=99"}],"curies":[{"name":"wp","href":"https:\/\/api.w.org\/{rel}","templated":true}]}}